{"id":33,"date":"2018-06-20T02:02:51","date_gmt":"2018-06-20T00:02:51","guid":{"rendered":"http:\/\/naloli.at\/?page_id=33"},"modified":"2018-06-20T02:04:00","modified_gmt":"2018-06-20T00:04:00","slug":"datenschutzerklaerung","status":"publish","type":"page","link":"https:\/\/naloli.at\/?page_id=33","title":{"rendered":"Datenschutzerkl\u00e4rung"},"content":{"rendered":"<h2><\/h2>\n<p>Die Adresse unserer Website ist: https:\/\/naloli.at.<\/p>\n<p>Der Schutz Ihrer pers\u00f6nlichen Daten ist uns ein besonderes Anliegen. Wir verarbeiten Ihre Daten daher ausschlie\u00dflich auf Grundlage der gesetzlichen Bestimmungen (insbesondere DSGVO, DSG 2018). In diesen Datenschutzinformationen informieren wir Sie \u00fcber die wichtigsten Aspekte der Datenverarbeitung im Rahmen unserer Website, unseres Newsletters, unserer Kampagnen und der Mitgliedschaft.<\/p>\n<p>Die Datenverarbeitung erfolgt auf Basis der gesetzlichen Bestimmungen der DSGVO und umsetzenden Bestimmungen, insbesondere aufgrund vorliegender Einwilligung (Art 6 Abs 1 DSGVO lit a), aufgrund der Notwendigkeit zur Vertragserf\u00fcllung (Art 6 Abs 1 lit b DSGVO) und\/oder aufgrund von \u00fcberwiegenden berechtigten Interessen (Art 6 Abs 1 lit f DSGVO<\/p>\n<div id=\"c679\" class=\"frame frame-default frame-type-textmedia frame-layout-0\">\n<header>\n<h5 class=\"\">Ihre Rechte<\/h5>\n<\/header>\n<div class=\"ce-textpic ce-center ce-above\">\n<div class=\"ce-bodytext\">\n<p>Ihnen stehen grunds\u00e4tzlich die Rechte auf Auskunft, Berichtigung, L\u00f6schung, Einschr\u00e4nkung, Daten\u00fcbertragbarkeit, Widerruf und Widerspruch zu. Das Recht auf Widerruf besteht bei Datenverarbeitungen, die auf Ihrer Einwilligung beruhen. Das Recht auf Widerspruch besteht bei Datenverarbeitungen, die auf berechtigten Interessen des Verantwortlichen oder eines Dritten beruhen. Wenn Sie glauben, dass die Verarbeitung Ihrer Daten gegen das Datenschutzrecht verst\u00f6\u00dft oder Ihre datenschutzrechtlichen Anspr\u00fcche sonst in einer Weise verletzt worden sind, k\u00f6nnen Sie sich bei der Aufsichtsbeh\u00f6rde beschweren. In \u00d6sterreich ist dies die Datenschutzbeh\u00f6rde.<\/p>\n<\/div>\n<div id=\"c680\" class=\"frame frame-default frame-type-textmedia frame-layout-0\">\n<header>\n<h5 class=\"\">Externe Links<\/h5>\n<\/header>\n<div class=\"ce-textpic ce-center ce-above\">\n<div class=\"ce-bodytext\">\n<p>Zu Ihrer optimalen Information finden sie auf unseren Seiten Links, die auf Seiten Dritter verweisen. Soweit diese nicht offensichtlich erkennbar sind, weisen wir Sie darauf hin, dass es sich um einen externen Link handelt. Wir haben keinerlei Einfluss auf den Inhalt und die Gestaltung dieser Seiten anderer Anbieter. Die Garantien dieser Datenschutzerkl\u00e4rung gelten daher selbstverst\u00e4ndlich dort nicht.<\/p>\n<\/div>\n<div id=\"c687\" class=\"frame frame-default frame-type-textmedia frame-layout-0\">\n<header>\n<h5 class=\"\">Newsletter \/ Erhalt von Informationsnachrichten<\/h5>\n<\/header>\n<div class=\"ce-textpic ce-center ce-above\">\n<div class=\"ce-bodytext\">\n<p>Wenn man gerne laufend Informationen \u00fcber unsere Arbeit haben m\u00f6chte, besteht die M\u00f6glichkeit, sich \u00fcber unsere Website f\u00fcr regelm\u00e4\u00dfige Zusendungen einzutragen und\/oder unseren Newsletter zu abonnieren. Hierf\u00fcr ben\u00f6tigen wir Ihre E-Mail-Adresse, Namen und Ihre Erkl\u00e4rung, dass Sie mit wiederkehrenden elektronischen Zusendungen im Zusammenhang mit Informationen \u00fcber die politische Arbeit, insbesondere Kommentare zu tagesaktuellen Entwicklungen und Ereignissen, Informationen zu geplanten Veranstaltungen sowie die nachfolgende Berichterstattung dar\u00fcber, \u00fcber weitere Mitmach-Aktionen und Nachrichten aus der Wahlbewegung an die angegebene Adresse einverstanden sind. Ohne die angegebenen Daten ist diese laufende Information nicht m\u00f6glich.<\/p>\n<p>Die Zusendungen erfolgen von uns oder von uns beauftragen Dritten, allenfalls unter Verwendung variierender Absende-E-Mail-Adressen.<\/p>\n<p>Sobald Sie sich angemeldet haben, senden wir Ihnen ein Best\u00e4tigungs-E-Mail mit einem Link zur Best\u00e4tigung der Anmeldung.<\/p>\n<p>Wir verarbeiten und speichern Ihre f\u00fcr diesen Zweck angegebenen Daten bis auf Widerruf. Die Einwilligung zur Verarbeitung Ihrer Daten sowie zur Zusendung des Newsletters bzw. der laufenden Informationen k\u00f6nnen Sie jederzeit widerrufen, indem in einer erhaltenen Informationsnachricht der Link am Ende der Nachricht angeklickt wird, der die Abmeldung vom Informationsdienst zur Folge hat (\u201eunsubscribe\u201c). Der Widerruf kann auch schriftlich\u00a0<a>datenschutz(at)vpnoe.at<\/a>\u00a0unter Angabe des Vornamens, Nachnamens sowie der E-Mail Adresse mitgeteilt werden. Wir l\u00f6schen anschlie\u00dfend umgehend Ihre Daten im Zusammenhang mit dem jeweiligen Newsletter- und Info-Versand, sofern keine gesonderte Rechtsgrundlage zur Verarbeitung der Daten (im erforderlichen Ausma\u00df) besteht.<\/p>\n<p>Die Anmeldung zu den jeweiligen Newslettern und Zusendungen wird von uns mit den bereits bestehenden Daten zu einer Person verkn\u00fcpft und bis zu einem entsprechenden Widerspruch einer zielgerichteten und interessenbezogenen Information und Kommunikation zugrunde gelegt.<\/p>\n<\/div>\n<\/div>\n<\/div>\n<\/div>\n<\/div>\n<\/div>\n<\/div>\n<div id=\"c695\" class=\"frame frame-default frame-type-textmedia frame-layout-0\">\n<header>\n<h5 class=\"\">Cookies<\/h5>\n<\/header>\n<div class=\"ce-textpic ce-center ce-above\">\n<div class=\"ce-bodytext\">\n<p>Unsere Website verwendet \u201eCookies\u201c (kleine, im jeweiligen Browser abgelegte Dateien) und \u00e4hnliche Technologien, um unsere Dienste anzubieten und beim Erheben von Daten zu helfen. Cookies erlauben es unter anderem, Pr\u00e4ferenzen und Einstellungen zu speichern; die Anmeldung zu vereinfachen; interessenbezogene Werbung zu bieten; Betrug zu bek\u00e4mpfen; und zu analysieren, wie unsere Website- und Onlinedienste arbeiten. Die Informationen, die ein Cookie beinhaltet, werden vom Webserver festgelegt und dann auf dem jeweiligen Computer gespeichert, wenn unsere Webseite aufgerufen wird. Diesen Cookies wird vom Webserver eine Lebensdauer zugeteilt, wodurch die Cookies nach Ablauf dieser Lebensdauer automatisch wieder vom jeweiligen Endger\u00e4t gel\u00f6scht werden. In der Browsersoftware k\u00f6nnen aber auch Einstellungen getroffen werden, dass Cookies immer auch dann gel\u00f6scht werden sollen, wenn der Browser geschlossen wird. Cookies sind notwendig, um die Aufrufe unserer Webseiten eindeutig zuordnen zu k\u00f6nnen, was f\u00fcr die Bereitstellung bestimmter Funktionalit\u00e4ten notwendig ist. Falls keine Cookies auf dem jeweiligen Endger\u00e4t gespeichert werden sollen, kann dies in den Einstellungen des Browsers festgelegt und so eine Speicherung verhindert werden. Wenn in den Einstellungen des Browsers die Zustimmung zur Speicherung von Cookies verweigert wird, kann es jedoch sein, dass bestimmte Funktionen unserer Webseite nicht mehr zur Verf\u00fcgung stehen.<\/p>\n<\/div>\n<\/div>\n<\/div>\n<div id=\"c696\" class=\"frame frame-default frame-type-textmedia frame-layout-0\">\n<header>\n<h5 class=\"\">Google Analytics<\/h5>\n<\/header>\n<div class=\"ce-textpic ce-center ce-above\">\n<div class=\"ce-bodytext\">\n<p>Diese Website verwendet Google Analytics. Dabei handelt es sich um einen Webanalysedienst von Google Inc. (\u201eGoogle\u201c). Dieser Analysedienst verwendet ebenso \u201eCookies\u201c, also kleine Dateien, die auf dem Computer gespeichert werden und die eine Analyse der Nutzung unserer Website erm\u00f6glichen. Informationen \u00fcber die Nutzung unserer Website, die unter Verwendung von Cookies gesammelt werden, dienen dazu, die allgemeine Nutzung der Website auszuwerten, um es uns zu erm\u00f6glichen, Reports \u00fcber die Websiteaktivit\u00e4ten zusammenzustellen und so in der Lage zu sein, unsere Website weiter zu optimieren und um weitere mit der Website- und Internetnutzung verbundene Services zu erbringen. Die von Google Analytics mit Hilfe von Cookies erzeugten Informationen \u00fcber die Nutzung der Website werden \u2013 einschlie\u00dflich der anonymisierten IP-Adresse \u2013 an einen Server von Google Inc. in die USA \u00fcbermittelt. Die Anonymisierung erfolgt durch die Entfernung der letzten acht Bit der IP-Adresse, wodurch eine eindeutige Zuordnung der ermittelten Daten zu einer bestimmten IP-Adresse nicht mehr m\u00f6glich ist. Diese Information wird an Beh\u00f6rden oder Dritte \u00fcbermittelt, wenn diese \u00dcbermittlung gesetzlich erforderlich ist oder wenn Dritte im Auftrag von Google als Dienstleister t\u00e4tig sind. Es besteht jedoch die M\u00f6glichkeit, die Speicherung von Cookies durch entsprechende Einstellungen im Browser zu verhindern. Wenn in den Einstellungen des Browsers die Zustimmung zur Speicherung von Cookies verweigert wird, kann es jedoch sein, dass bestimmte Funktionen unserer Webseite nicht mehr zur Verf\u00fcgung stehen. Mit der Nutzung unserer Website erkl\u00e4rt man sich mit der Verwendung von Google Analytics einverstanden. Weitere Informationen zu Google Analytics finden sich unter:\u00a0<a href=\"http:\/\/www.google.at\/intl\/de\/analytics\" target=\"_blank\" rel=\"noopener\">www.google.at\/intl\/de\/analytics<\/a>. Informationen zur Privacy Policy von Google findet man unter\u00a0<a href=\"http:\/\/www.google.de\/policies\/privacy\" target=\"_blank\" rel=\"noopener\">www.google.de\/policies\/privacy<\/a>. Hier findet man eine M\u00f6glichkeit, wie man die Nutzung von Google Analytics und die damit verbundene Daten\u00fcbermittlung an Google unterbinden kann\u00a0<a href=\"https:\/\/tools.google.com\/dlpage\/gaoptout?hl=de.&amp;nbsp;&amp;nbsp;&amp;nbsp;&amp;nbsp;&amp;nbsp;&amp;nbsp\" target=\"_blank\" rel=\"noopener\">tools.google.com\/dlpage\/gaoptout<\/a>;<\/p>\n<\/div>\n<\/div>\n<\/div>\n<p>Eingebettete Inhalte von anderen Websites<\/p>\n<p>Beitr\u00e4ge auf dieser Website k\u00f6nnen eingebettete Inhalte beinhalten (z.\u00a0B. Videos, Bilder, Beitr\u00e4ge etc.). Eingebettete Inhalte von anderen Websites verhalten sich exakt so, als ob der Besucher die andere Website besucht h\u00e4tte.<\/p>\n<p>Diese Websites k\u00f6nnen Daten \u00fcber dich sammeln, Cookies benutzen, zus\u00e4tzliche Tracking-Dienste von Dritten einbetten und deine Interaktion mit diesem eingebetteten Inhalt aufzeichnen, inklusive deiner Interaktion mit dem eingebetteten Inhalt, falls du ein Konto hast und auf dieser Website angemeldet bist.<\/p>\n","protected":false},"excerpt":{"rendered":"<p>Die Adresse unserer Website ist: https:\/\/naloli.at. Der Schutz Ihrer pers\u00f6nlichen Daten ist uns ein besonderes Anliegen. Wir verarbeiten Ihre Daten daher ausschlie\u00dflich auf Grundlage der gesetzlichen Bestimmungen (insbesondere DSGVO, DSG 2018). In diesen Datenschutzinformationen informieren wir Sie \u00fcber die wichtigsten Aspekte der Datenverarbeitung im Rahmen unserer Website, unseres Newsletters, unserer Kampagnen und der Mitgliedschaft. Die [&hellip;]<\/p>\n","protected":false},"author":1,"featured_media":0,"parent":0,"menu_order":1,"comment_status":"closed","ping_status":"closed","template":"","meta":{"footnotes":""},"class_list":["post-33","page","type-page","status-publish","hentry"],"_links":{"self":[{"href":"https:\/\/naloli.at\/index.php?rest_route=\/wp\/v2\/pages\/33","targetHints":{"allow":["GET"]}}],"collection":[{"href":"https:\/\/naloli.at\/index.php?rest_route=\/wp\/v2\/pages"}],"about":[{"href":"https:\/\/naloli.at\/index.php?rest_route=\/wp\/v2\/types\/page"}],"author":[{"embeddable":true,"href":"https:\/\/naloli.at\/index.php?rest_route=\/wp\/v2\/users\/1"}],"replies":[{"embeddable":true,"href":"https:\/\/naloli.at\/index.php?rest_route=%2Fwp%2Fv2%2Fcomments&post=33"}],"version-history":[{"count":1,"href":"https:\/\/naloli.at\/index.php?rest_route=\/wp\/v2\/pages\/33\/revisions"}],"predecessor-version":[{"id":34,"href":"https:\/\/naloli.at\/index.php?rest_route=\/wp\/v2\/pages\/33\/revisions\/34"}],"wp:attachment":[{"href":"https:\/\/naloli.at\/index.php?rest_route=%2Fwp%2Fv2%2Fmedia&parent=33"}],"curies":[{"name":"wp","href":"https:\/\/api.w.org\/{rel}","templated":true}]}}