{"id":37,"date":"2018-06-20T02:12:52","date_gmt":"2018-06-20T00:12:52","guid":{"rendered":"http:\/\/naloli.at\/?page_id=37"},"modified":"2023-04-24T17:59:00","modified_gmt":"2023-04-24T15:59:00","slug":"impressum","status":"publish","type":"page","link":"https:\/\/naloli.at\/?page_id=37","title":{"rendered":"Impressum"},"content":{"rendered":"<p>Impressum<\/p>\n<p>Offenlegung gem. \u00a7 25 MedienG und<br \/>\nAnbieteridentifizierung nach \u00a7 5 Abs 1 ECG<\/p>\n<p><strong>Medieninhaber und Herausgeber<\/strong><\/p>\n<p>Rudolf Weiser,<br \/>\n2620 Natschbach-Loipersbach, Cornudagasse 4<br \/>\nrudolf@weiser.at<\/p>\n<p>F\u00fcr den Inhalt verantwortlich: Rudolf Weiser<\/p>\n<p><strong>Grundlegende Richtung<\/strong><\/p>\n<p>Gemeinsam Bewegen<\/p>\n<p>und Information \u00fcber den Bogensport und die Aktivit\u00e4ten des<\/p>\n<p>BSV Natschbach-Loipersbach.<\/p>\n<p>Union Bogensportverein Natschbach-Loipersbach, BSV NaLoLi, ZVR: 1782073222<\/p>\n<p><a href=\"http:\/\/www.naloli.at\">www.naloli.at<\/a>\u00a0 \u00a0 \u00a0 \u00a0 \u00a0 \u00a0 \u00a0 \u00a0 \u00a0<a href=\"mailto:bogensport@naloli.at\">bogensport@naloli.at<\/a><\/p>\n<p>Bogensportanlage: 2620 Natschbach-Loipersbach, Industriestra\u00dfe 16 \u2013 Sportpark<\/p>\n<p>Vereinsanschrift: 2620 Natschbach-Loipersbach, Cornudagasse 4<\/p>\n","protected":false},"excerpt":{"rendered":"<p>Impressum Offenlegung gem. \u00a7 25 MedienG und Anbieteridentifizierung nach \u00a7 5 Abs 1 ECG Medieninhaber und Herausgeber Rudolf Weiser, 2620 Natschbach-Loipersbach, Cornudagasse 4 rudolf@weiser.at F\u00fcr den Inhalt verantwortlich: Rudolf Weiser Grundlegende Richtung Gemeinsam Bewegen und Information \u00fcber den Bogensport und die Aktivit\u00e4ten des BSV Natschbach-Loipersbach. Union Bogensportverein Natschbach-Loipersbach, BSV NaLoLi, ZVR: 1782073222 www.naloli.at\u00a0 \u00a0 \u00a0 [&hellip;]<\/p>\n","protected":false},"author":1,"featured_media":0,"parent":0,"menu_order":0,"comment_status":"closed","ping_status":"closed","template":"","meta":{"footnotes":""},"class_list":["post-37","page","type-page","status-publish","hentry"],"_links":{"self":[{"href":"https:\/\/naloli.at\/index.php?rest_route=\/wp\/v2\/pages\/37","targetHints":{"allow":["GET"]}}],"collection":[{"href":"https:\/\/naloli.at\/index.php?rest_route=\/wp\/v2\/pages"}],"about":[{"href":"https:\/\/naloli.at\/index.php?rest_route=\/wp\/v2\/types\/page"}],"author":[{"embeddable":true,"href":"https:\/\/naloli.at\/index.php?rest_route=\/wp\/v2\/users\/1"}],"replies":[{"embeddable":true,"href":"https:\/\/naloli.at\/index.php?rest_route=%2Fwp%2Fv2%2Fcomments&post=37"}],"version-history":[{"count":3,"href":"https:\/\/naloli.at\/index.php?rest_route=\/wp\/v2\/pages\/37\/revisions"}],"predecessor-version":[{"id":885,"href":"https:\/\/naloli.at\/index.php?rest_route=\/wp\/v2\/pages\/37\/revisions\/885"}],"wp:attachment":[{"href":"https:\/\/naloli.at\/index.php?rest_route=%2Fwp%2Fv2%2Fmedia&parent=37"}],"curies":[{"name":"wp","href":"https:\/\/api.w.org\/{rel}","templated":true}]}}